{"id":165,"date":"2024-03-13T18:29:44","date_gmt":"2024-03-13T16:29:44","guid":{"rendered":"http:\/\/arcticeberg.test\/?page_id=165"},"modified":"2024-10-22T17:48:39","modified_gmt":"2024-10-22T15:48:39","slug":"home","status":"publish","type":"page","link":"https:\/\/arctic-iceberg.eu\/is\/","title":{"rendered":"(is) Home"},"content":{"rendered":"","protected":false},"excerpt":{"rendered":"","protected":false},"author":1,"featured_media":0,"parent":0,"menu_order":0,"comment_status":"closed","ping_status":"closed","template":"","meta":{"_acf_changed":false,"inline_featured_image":false,"footnotes":""},"class_list":["post-165","page","type-page","status-publish","hentry"],"acf":[],"yoast_head":"<!-- This site is optimized with the Yoast SEO plugin v24.7 - https:\/\/yoast.com\/wordpress\/plugins\/seo\/ -->\n<title>ICEBERG-verkefni\u00f0<\/title>\n<meta name=\"description\" content=\"ICEBERG-verkefni\u00f0 rannsakar mengun sj\u00e1var og stranda og hannar stj\u00f3rnskipulag og vi\u00f0n\u00e1msa\u00f0fer\u00f0ir me\u00f0 Evr\u00f3pu\u00fej\u00f3\u00f0um \u00e1 nor\u00f0ursl\u00f3\u00f0um\" \/>\n<meta name=\"robots\" content=\"index, follow, max-snippet:-1, max-image-preview:large, max-video-preview:-1\" \/>\n<link rel=\"canonical\" href=\"https:\/\/arctic-iceberg.eu\/is\/\" \/>\n<meta property=\"og:locale\" content=\"is_IS\" \/>\n<meta property=\"og:type\" content=\"article\" \/>\n<meta property=\"og:title\" content=\"ICEBERG-verkefni\u00f0\" \/>\n<meta property=\"og:description\" content=\"ICEBERG-verkefni\u00f0 rannsakar mengun sj\u00e1var og stranda og hannar stj\u00f3rnskipulag og vi\u00f0n\u00e1msa\u00f0fer\u00f0ir me\u00f0 Evr\u00f3pu\u00fej\u00f3\u00f0um \u00e1 nor\u00f0ursl\u00f3\u00f0um\" \/>\n<meta property=\"og:url\" content=\"https:\/\/arctic-iceberg.eu\/is\/\" \/>\n<meta property=\"og:site_name\" content=\"ICEBERG Project\" \/>\n<meta property=\"article:publisher\" content=\"https:\/\/www.facebook.com\/arcticeberg\/\" \/>\n<meta property=\"article:modified_time\" content=\"2024-10-22T15:48:39+00:00\" \/>\n<meta property=\"og:image\" content=\"https:\/\/arctic-iceberg.eu\/wp-content\/uploads\/2024\/03\/iceberg-cover.jpg\" \/>\n\t<meta property=\"og:image:width\" content=\"2926\" \/>\n\t<meta property=\"og:image:height\" content=\"1702\" \/>\n\t<meta property=\"og:image:type\" content=\"image\/jpeg\" \/>\n<meta name=\"twitter:card\" content=\"summary_large_image\" \/>\n<script type=\"application\/ld+json\" class=\"yoast-schema-graph\">{\"@context\":\"https:\/\/schema.org\",\"@graph\":[{\"@type\":\"WebPage\",\"@id\":\"https:\/\/arctic-iceberg.eu\/is\/\",\"url\":\"https:\/\/arctic-iceberg.eu\/is\/\",\"name\":\"ICEBERG-verkefni\u00f0\",\"isPartOf\":{\"@id\":\"https:\/\/arctic-iceberg.eu\/#website\"},\"datePublished\":\"2024-03-13T16:29:44+00:00\",\"dateModified\":\"2024-10-22T15:48:39+00:00\",\"description\":\"ICEBERG-verkefni\u00f0 rannsakar mengun sj\u00e1var og stranda og hannar stj\u00f3rnskipulag og vi\u00f0n\u00e1msa\u00f0fer\u00f0ir me\u00f0 Evr\u00f3pu\u00fej\u00f3\u00f0um \u00e1 nor\u00f0ursl\u00f3\u00f0um\",\"breadcrumb\":{\"@id\":\"https:\/\/arctic-iceberg.eu\/is\/#breadcrumb\"},\"inLanguage\":\"is\",\"potentialAction\":[{\"@type\":\"ReadAction\",\"target\":[\"https:\/\/arctic-iceberg.eu\/is\/\"]}]},{\"@type\":\"BreadcrumbList\",\"@id\":\"https:\/\/arctic-iceberg.eu\/is\/#breadcrumb\",\"itemListElement\":[{\"@type\":\"ListItem\",\"position\":1,\"name\":\"Home\",\"item\":\"https:\/\/arctic-iceberg.eu\/is\/\"},{\"@type\":\"ListItem\",\"position\":2,\"name\":\"(is) Home\"}]},{\"@type\":\"WebSite\",\"@id\":\"https:\/\/arctic-iceberg.eu\/#website\",\"url\":\"https:\/\/arctic-iceberg.eu\/\",\"name\":\"ICEBERG Project\",\"description\":\"\",\"publisher\":{\"@id\":\"https:\/\/arctic-iceberg.eu\/#organization\"},\"potentialAction\":[{\"@type\":\"SearchAction\",\"target\":{\"@type\":\"EntryPoint\",\"urlTemplate\":\"https:\/\/arctic-iceberg.eu\/?s={search_term_string}\"},\"query-input\":{\"@type\":\"PropertyValueSpecification\",\"valueRequired\":true,\"valueName\":\"search_term_string\"}}],\"inLanguage\":\"is\"},{\"@type\":\"Organization\",\"@id\":\"https:\/\/arctic-iceberg.eu\/#organization\",\"name\":\"ICEBERG Project\",\"url\":\"https:\/\/arctic-iceberg.eu\/\",\"logo\":{\"@type\":\"ImageObject\",\"inLanguage\":\"is\",\"@id\":\"https:\/\/arctic-iceberg.eu\/#\/schema\/logo\/image\/\",\"url\":\"https:\/\/arctic-iceberg.eu\/wp-content\/uploads\/2024\/03\/iceberg-logo.svg\",\"contentUrl\":\"https:\/\/arctic-iceberg.eu\/wp-content\/uploads\/2024\/03\/iceberg-logo.svg\",\"width\":336,\"height\":71,\"caption\":\"ICEBERG Project\"},\"image\":{\"@id\":\"https:\/\/arctic-iceberg.eu\/#\/schema\/logo\/image\/\"},\"sameAs\":[\"https:\/\/www.facebook.com\/arcticeberg\/\"]}]}<\/script>\n<!-- \/ Yoast SEO plugin. -->","yoast_head_json":{"title":"ICEBERG-verkefni\u00f0","description":"ICEBERG-verkefni\u00f0 rannsakar mengun sj\u00e1var og stranda og hannar stj\u00f3rnskipulag og vi\u00f0n\u00e1msa\u00f0fer\u00f0ir me\u00f0 Evr\u00f3pu\u00fej\u00f3\u00f0um \u00e1 nor\u00f0ursl\u00f3\u00f0um","robots":{"index":"index","follow":"follow","max-snippet":"max-snippet:-1","max-image-preview":"max-image-preview:large","max-video-preview":"max-video-preview:-1"},"canonical":"https:\/\/arctic-iceberg.eu\/is\/","og_locale":"is_IS","og_type":"article","og_title":"ICEBERG-verkefni\u00f0","og_description":"ICEBERG-verkefni\u00f0 rannsakar mengun sj\u00e1var og stranda og hannar stj\u00f3rnskipulag og vi\u00f0n\u00e1msa\u00f0fer\u00f0ir me\u00f0 Evr\u00f3pu\u00fej\u00f3\u00f0um \u00e1 nor\u00f0ursl\u00f3\u00f0um","og_url":"https:\/\/arctic-iceberg.eu\/is\/","og_site_name":"ICEBERG Project","article_publisher":"https:\/\/www.facebook.com\/arcticeberg\/","article_modified_time":"2024-10-22T15:48:39+00:00","og_image":[{"width":2926,"height":1702,"url":"https:\/\/arctic-iceberg.eu\/wp-content\/uploads\/2024\/03\/iceberg-cover.jpg","type":"image\/jpeg"}],"twitter_card":"summary_large_image","schema":{"@context":"https:\/\/schema.org","@graph":[{"@type":"WebPage","@id":"https:\/\/arctic-iceberg.eu\/is\/","url":"https:\/\/arctic-iceberg.eu\/is\/","name":"ICEBERG-verkefni\u00f0","isPartOf":{"@id":"https:\/\/arctic-iceberg.eu\/#website"},"datePublished":"2024-03-13T16:29:44+00:00","dateModified":"2024-10-22T15:48:39+00:00","description":"ICEBERG-verkefni\u00f0 rannsakar mengun sj\u00e1var og stranda og hannar stj\u00f3rnskipulag og vi\u00f0n\u00e1msa\u00f0fer\u00f0ir me\u00f0 Evr\u00f3pu\u00fej\u00f3\u00f0um \u00e1 nor\u00f0ursl\u00f3\u00f0um","breadcrumb":{"@id":"https:\/\/arctic-iceberg.eu\/is\/#breadcrumb"},"inLanguage":"is","potentialAction":[{"@type":"ReadAction","target":["https:\/\/arctic-iceberg.eu\/is\/"]}]},{"@type":"BreadcrumbList","@id":"https:\/\/arctic-iceberg.eu\/is\/#breadcrumb","itemListElement":[{"@type":"ListItem","position":1,"name":"Home","item":"https:\/\/arctic-iceberg.eu\/is\/"},{"@type":"ListItem","position":2,"name":"(is) Home"}]},{"@type":"WebSite","@id":"https:\/\/arctic-iceberg.eu\/#website","url":"https:\/\/arctic-iceberg.eu\/","name":"ICEBERG Project","description":"","publisher":{"@id":"https:\/\/arctic-iceberg.eu\/#organization"},"potentialAction":[{"@type":"SearchAction","target":{"@type":"EntryPoint","urlTemplate":"https:\/\/arctic-iceberg.eu\/?s={search_term_string}"},"query-input":{"@type":"PropertyValueSpecification","valueRequired":true,"valueName":"search_term_string"}}],"inLanguage":"is"},{"@type":"Organization","@id":"https:\/\/arctic-iceberg.eu\/#organization","name":"ICEBERG Project","url":"https:\/\/arctic-iceberg.eu\/","logo":{"@type":"ImageObject","inLanguage":"is","@id":"https:\/\/arctic-iceberg.eu\/#\/schema\/logo\/image\/","url":"https:\/\/arctic-iceberg.eu\/wp-content\/uploads\/2024\/03\/iceberg-logo.svg","contentUrl":"https:\/\/arctic-iceberg.eu\/wp-content\/uploads\/2024\/03\/iceberg-logo.svg","width":336,"height":71,"caption":"ICEBERG Project"},"image":{"@id":"https:\/\/arctic-iceberg.eu\/#\/schema\/logo\/image\/"},"sameAs":["https:\/\/www.facebook.com\/arcticeberg\/"]}]}},"_links":{"self":[{"href":"https:\/\/arctic-iceberg.eu\/is\/wp-json\/wp\/v2\/pages\/165","targetHints":{"allow":["GET"]}}],"collection":[{"href":"https:\/\/arctic-iceberg.eu\/is\/wp-json\/wp\/v2\/pages"}],"about":[{"href":"https:\/\/arctic-iceberg.eu\/is\/wp-json\/wp\/v2\/types\/page"}],"author":[{"embeddable":true,"href":"https:\/\/arctic-iceberg.eu\/is\/wp-json\/wp\/v2\/users\/1"}],"replies":[{"embeddable":true,"href":"https:\/\/arctic-iceberg.eu\/is\/wp-json\/wp\/v2\/comments?post=165"}],"version-history":[{"count":16,"href":"https:\/\/arctic-iceberg.eu\/is\/wp-json\/wp\/v2\/pages\/165\/revisions"}],"predecessor-version":[{"id":776,"href":"https:\/\/arctic-iceberg.eu\/is\/wp-json\/wp\/v2\/pages\/165\/revisions\/776"}],"wp:attachment":[{"href":"https:\/\/arctic-iceberg.eu\/is\/wp-json\/wp\/v2\/media?parent=165"}],"curies":[{"name":"wp","href":"https:\/\/api.w.org\/{rel}","templated":true}]}}